{"id":8899,"date":"2022-06-29T22:49:48","date_gmt":"2022-06-29T20:49:48","guid":{"rendered":"https:\/\/businesshoteltunis.comcheckout\/order\/"},"modified":"2022-12-14T21:54:57","modified_gmt":"2022-12-14T20:54:57","slug":"order","status":"publish","type":"page","link":"https:\/\/businesshoteltunis.com\/en\/checkout\/order\/","title":{"rendered":"Order"},"content":{"rendered":"\t\t<div data-elementor-type=\"wp-page\" data-elementor-id=\"8899\" class=\"elementor elementor-8899\" data-elementor-post-type=\"page\">\n\t\t\t\t\t\t<section class=\"elementor-section elementor-top-section elementor-element elementor-element-b33d077 elementor-section-boxed elementor-section-height-default elementor-section-height-default wpr-particle-no wpr-jarallax-no wpr-parallax-no wpr-sticky-section-no\" data-id=\"b33d077\" data-element_type=\"section\">\n\t\t\t\t\t\t<div class=\"elementor-container elementor-column-gap-default\">\n\t\t\t\t\t<div class=\"elementor-column elementor-col-100 elementor-top-column elementor-element elementor-element-0f8e5bb\" data-id=\"0f8e5bb\" data-element_type=\"column\">\n\t\t\t<div class=\"elementor-widget-wrap elementor-element-populated\">\n\t\t\t\t\t\t\t<\/div>\n\t\t<\/div>\n\t\t\t\t\t<\/div>\n\t\t<\/section>\n\t\t\t\t<\/div>\n\t\t","protected":false},"excerpt":{"rendered":"<p>Supprimer l\u2019\u00e9l\u00e9ment Miniature R\u00e9servation Prix Nombre de chambres Sous-total &times; Chambre Sup\u00e9rieure Date arriv\u00e9e: 15-12-2022 Date d\u00e9part: 27-12-2022 Adultes: 1 Berceau enfant (-4ans gratuit): 1 Chambres: 1 Type d&#8217;arrangement: Demi pension (1personne) Extra Service: Tunisian White Wine-45dt 175.00&nbsp;TND 12 nuit\u00e9e(s) 3,135.00&nbsp;TND Demi pension (1personne): 960.00&nbsp;TND Tunisian White Wine-45dt: 0.00&nbsp;TND Total booking Sous-total 3,135.00&nbsp;TND Total 3,135.00&nbsp;TND Confirm reservation<\/p>\n","protected":false},"author":1,"featured_media":0,"parent":10,"menu_order":0,"comment_status":"closed","ping_status":"closed","template":"","meta":{"_acf_changed":false,"footnotes":""},"class_list":["post-8899","page","type-page","status-publish","hentry"],"acf":[],"_links":{"self":[{"href":"https:\/\/businesshoteltunis.com\/en\/wp-json\/wp\/v2\/pages\/8899","targetHints":{"allow":["GET"]}}],"collection":[{"href":"https:\/\/businesshoteltunis.com\/en\/wp-json\/wp\/v2\/pages"}],"about":[{"href":"https:\/\/businesshoteltunis.com\/en\/wp-json\/wp\/v2\/types\/page"}],"author":[{"embeddable":true,"href":"https:\/\/businesshoteltunis.com\/en\/wp-json\/wp\/v2\/users\/1"}],"replies":[{"embeddable":true,"href":"https:\/\/businesshoteltunis.com\/en\/wp-json\/wp\/v2\/comments?post=8899"}],"version-history":[{"count":2,"href":"https:\/\/businesshoteltunis.com\/en\/wp-json\/wp\/v2\/pages\/8899\/revisions"}],"predecessor-version":[{"id":9222,"href":"https:\/\/businesshoteltunis.com\/en\/wp-json\/wp\/v2\/pages\/8899\/revisions\/9222"}],"up":[{"embeddable":true,"href":"https:\/\/businesshoteltunis.com\/en\/wp-json\/wp\/v2\/pages\/10"}],"wp:attachment":[{"href":"https:\/\/businesshoteltunis.com\/en\/wp-json\/wp\/v2\/media?parent=8899"}],"curies":[{"name":"wp","href":"https:\/\/api.w.org\/{rel}","templated":true}]}}