{"id":7648,"date":"2022-08-03T18:13:44","date_gmt":"2022-08-03T16:13:44","guid":{"rendered":"https:\/\/cube2.cubesolutions.tn\/tourisme-medical-2\/"},"modified":"2022-08-03T18:13:44","modified_gmt":"2022-08-03T16:13:44","slug":"tourisme-medical-2","status":"publish","type":"page","link":"https:\/\/businesshoteltunis.com\/en\/tourisme-medical-2\/","title":{"rendered":"Tourisme Medical"},"content":{"rendered":"\t\t<div data-elementor-type=\"wp-post\" data-elementor-id=\"7648\" class=\"elementor elementor-7648\" data-elementor-post-type=\"page\">\n\t\t\t\t\t\t<section class=\"elementor-section elementor-top-section elementor-element elementor-element-8b9b77f elementor-section-boxed elementor-section-height-default elementor-section-height-default wpr-particle-no wpr-jarallax-no wpr-parallax-no wpr-sticky-section-no\" data-id=\"8b9b77f\" data-element_type=\"section\">\n\t\t\t\t\t\t<div class=\"elementor-container elementor-column-gap-default\">\n\t\t\t\t\t<div class=\"elementor-column elementor-col-100 elementor-top-column elementor-element elementor-element-2e3d903\" data-id=\"2e3d903\" data-element_type=\"column\" data-settings=\"{&quot;background_background&quot;:&quot;classic&quot;}\">\n\t\t\t<div class=\"elementor-widget-wrap elementor-element-populated\">\n\t\t\t\t\t\t<section class=\"elementor-section elementor-inner-section elementor-element elementor-element-3e304f3 elementor-section-boxed elementor-section-height-default elementor-section-height-default wpr-particle-no wpr-jarallax-no wpr-parallax-no wpr-sticky-section-no\" data-id=\"3e304f3\" data-element_type=\"section\">\n\t\t\t\t\t\t<div class=\"elementor-container elementor-column-gap-default\">\n\t\t\t\t\t<div class=\"elementor-column elementor-col-100 elementor-inner-column elementor-element elementor-element-01a942f\" data-id=\"01a942f\" data-element_type=\"column\">\n\t\t\t<div class=\"elementor-widget-wrap elementor-element-populated\">\n\t\t\t\t\t\t<div class=\"elementor-element elementor-element-f59e004 elementor-widget elementor-widget-hotelft_elementor_heading\" data-id=\"f59e004\" data-element_type=\"widget\" data-widget_type=\"hotelft_elementor_heading.default\">\n\t\t\t\t<div class=\"elementor-widget-container\">\n\t\t\t\n\t\t \t<div class=\"ova-heading \">\n\t\t \t   <h2 class=\"title\">\t\t\t\t\t\t\t\t\t\t\tBusiness H\u00f4tel vous accompagne dans vos soins en Tunisie\t\t\t\t\t\t\t\t\t<\/h2>\t\t    <\/div>\n\n\t\t\t\t<\/div>\n\t\t\t\t<\/div>\n\t\t\t\t<div class=\"elementor-element elementor-element-ddb0bc5 elementor-widget elementor-widget-text-editor\" data-id=\"ddb0bc5\" data-element_type=\"widget\" data-widget_type=\"text-editor.default\">\n\t\t\t\t<div class=\"elementor-widget-container\">\n\t\t\t\t\t\t\t<p>Sur le continent africain, la Tunisie occupe le 2eme rang dans le domaine du tourisme de sant\u00e9 derri\u00e8re l\u2019Afrique du Sud. Elle est aussi class\u00e9e 2eme destination mondiale en thalassoth\u00e9rapie apr\u00e8s la France.<\/p><p>Business H\u00f4tel Tunis est un h\u00f4tel conventionn\u00e9 avec plusieurs <strong>Agences de voyage<\/strong> travaillant dans le domaine de <strong>tourisme m\u00e9dicale<\/strong> et aussi avec des cliniques et des m\u00e9decins sp\u00e9cialis\u00e9s dans la <strong>chirurgie esth\u00e9tique<\/strong> afin de recevoir et d\u2019h\u00e9berger des patients avant ou apr\u00e8s leurs op\u00e9rations.<\/p>\t\t\t\t\t\t<\/div>\n\t\t\t\t<\/div>\n\t\t\t\t<div class=\"elementor-element elementor-element-d1bf5ff elementor-widget elementor-widget-image\" data-id=\"d1bf5ff\" data-element_type=\"widget\" data-widget_type=\"image.default\">\n\t\t\t\t<div class=\"elementor-widget-container\">\n\t\t\t\t\t\t\t\t\t\t\t\t\t<img decoding=\"async\" width=\"300\" height=\"66\" src=\"https:\/\/businesshoteltunis.com\/wp-content\/uploads\/2022\/07\/eaf22a824d6f6d9a0a84df74f7a731d9-300x66.png\" class=\"attachment-medium size-medium wp-image-5721\" alt=\"\" srcset=\"https:\/\/businesshoteltunis.com\/wp-content\/uploads\/2022\/07\/eaf22a824d6f6d9a0a84df74f7a731d9-300x66.png 300w, https:\/\/businesshoteltunis.com\/wp-content\/uploads\/2022\/07\/eaf22a824d6f6d9a0a84df74f7a731d9-1024x224.png 1024w, https:\/\/businesshoteltunis.com\/wp-content\/uploads\/2022\/07\/eaf22a824d6f6d9a0a84df74f7a731d9-768x168.png 768w, https:\/\/businesshoteltunis.com\/wp-content\/uploads\/2022\/07\/eaf22a824d6f6d9a0a84df74f7a731d9-1536x336.png 1536w, https:\/\/businesshoteltunis.com\/wp-content\/uploads\/2022\/07\/eaf22a824d6f6d9a0a84df74f7a731d9-2048x448.png 2048w, https:\/\/businesshoteltunis.com\/wp-content\/uploads\/2022\/07\/eaf22a824d6f6d9a0a84df74f7a731d9-600x131.png 600w\" sizes=\"(max-width: 300px) 100vw, 300px\" \/>\t\t\t\t\t\t\t\t\t\t\t\t\t<\/div>\n\t\t\t\t<\/div>\n\t\t\t\t<div class=\"elementor-element elementor-element-eb11797 elementor-widget elementor-widget-spacer\" data-id=\"eb11797\" data-element_type=\"widget\" data-widget_type=\"spacer.default\">\n\t\t\t\t<div class=\"elementor-widget-container\">\n\t\t\t\t\t<div class=\"elementor-spacer\">\n\t\t\t<div class=\"elementor-spacer-inner\"><\/div>\n\t\t<\/div>\n\t\t\t\t<\/div>\n\t\t\t\t<\/div>\n\t\t\t\t<div class=\"elementor-element elementor-element-486079d elementor-widget elementor-widget-hotelft_elementor_heading\" data-id=\"486079d\" data-element_type=\"widget\" data-widget_type=\"hotelft_elementor_heading.default\">\n\t\t\t\t<div class=\"elementor-widget-container\">\n\t\t\t\n\t\t \t<div class=\"ova-heading \">\n\t\t \t   <h2 class=\"title\">\t\t\t\t\t\t\t\t\t\t\tNOS SERVICES\t\t\t\t\t\t\t\t\t<\/h2>\t\t    <\/div>\n\n\t\t\t\t<\/div>\n\t\t\t\t<\/div>\n\t\t\t\t<div class=\"elementor-element elementor-element-d4d5cee hotelft-tabs-hidden elementor-tabs-view-horizontal elementor-widget elementor-widget-tabs\" data-id=\"d4d5cee\" data-element_type=\"widget\" data-widget_type=\"tabs.default\">\n\t\t\t\t<div class=\"elementor-widget-container\">\n\t\t\t        <div class=\"elementor-tabs\">\n            <div class=\"elementor-tabs-wrapper\" role=\"tablist\" >\n                                    <div id=\"elementor-tab-title-2231\" class=\"elementor-tab-title elementor-tab-desktop-title elementor-repeater-item-11efa9f\" aria-selected=\"true\" data-tab=\"1\" role=\"tab\" tabindex=\"0\" aria-controls=\"elementor-tab-content-2231\" aria-expanded=\"false\">                                <span class=\"ova-tab-icon\"><i class=\"flaticon flaticon-fork\"><\/i><\/span>\n                            <div class=\"right\"><a href=\"\">Menu sp\u00e9cial<\/a><span class=\"elementor-tab-subtitle\">Nous ex\u00e9cutons les menus recommand\u00e9s par votre m\u00e9decin<\/span><\/div><\/div>\n                                    <div id=\"elementor-tab-title-2232\" class=\"elementor-tab-title elementor-tab-desktop-title elementor-repeater-item-21d72f9\" aria-selected=\"false\" data-tab=\"2\" role=\"tab\" tabindex=\"-1\" aria-controls=\"elementor-tab-content-2232\" aria-expanded=\"false\">                                <span class=\"ova-tab-icon\"><i class=\"iconly iconly-Work icli\"><\/i><\/span>\n                            <div class=\"right\"><a href=\"\">des infirmiers et des kin\u00e9s<\/a><span class=\"elementor-tab-subtitle\">Accessibilit\u00e9 des infirmiers et des kin\u00e9s \u00e0 votre chambre 24h\/24h.<\/span><\/div><\/div>\n                                    <div id=\"elementor-tab-title-2233\" class=\"elementor-tab-title elementor-tab-desktop-title elementor-repeater-item-a811c5f\" aria-selected=\"false\" data-tab=\"3\" role=\"tab\" tabindex=\"-1\" aria-controls=\"elementor-tab-content-2233\" aria-expanded=\"false\">                                <span class=\"ova-tab-icon\"><i class=\"flaticon flaticon-hotel\"><\/i><\/span>\n                            <div class=\"right\"><a href=\"\">Repas dans la chambre<\/a><span class=\"elementor-tab-subtitle\">Possibilit\u00e9 de se servir de tous les repas dans la chambre sans frais suppl\u00e9mentaires.<\/span><\/div><\/div>\n                            <\/div>\n            <div class=\"elementor-tabs-content-wrapper\" role=\"tablist\" aria-orientation=\"vertical\">\n                                    <div class=\"elementor-tab-title elementor-tab-mobile-title elementor-repeater-item-11efa9f\" aria-selected=\"true\" data-tab=\"1\" role=\"tab\" tabindex=\"0\" aria-controls=\"elementor-tab-content-2231\" aria-expanded=\"false\">                                <span class=\"ova-tab-icon\"><i class=\"flaticon flaticon-fork\"><\/i><\/span>\n                                                        <div class=\"right\">\n                                Menu sp\u00e9cial<span class=\"elementor-tab-subtitle\">Nous ex\u00e9cutons les menus recommand\u00e9s par votre m\u00e9decin<\/span>                            <\/div>\n\n                            <\/div>\n                    <div id=\"elementor-tab-content-2231\" class=\"elementor-tab-content elementor-clearfix\" data-tab=\"1\" role=\"tabpanel\" aria-labelledby=\"elementor-tab-title-2231\" tabindex=\"0\" hidden=\"false\"><\/div>\n                                    <div class=\"elementor-tab-title elementor-tab-mobile-title elementor-repeater-item-21d72f9\" aria-selected=\"false\" data-tab=\"2\" role=\"tab\" tabindex=\"-1\" aria-controls=\"elementor-tab-content-2232\" aria-expanded=\"false\">                                <span class=\"ova-tab-icon\"><i class=\"iconly iconly-Work icli\"><\/i><\/span>\n                                                        <div class=\"right\">\n                                des infirmiers et des kin\u00e9s<span class=\"elementor-tab-subtitle\">Accessibilit\u00e9 des infirmiers et des kin\u00e9s \u00e0 votre chambre 24h\/24h.<\/span>                            <\/div>\n\n                            <\/div>\n                    <div id=\"elementor-tab-content-2232\" class=\"elementor-tab-content elementor-clearfix\" data-tab=\"2\" role=\"tabpanel\" aria-labelledby=\"elementor-tab-title-2232\" tabindex=\"0\" hidden=\"hidden\"><\/div>\n                                    <div class=\"elementor-tab-title elementor-tab-mobile-title elementor-repeater-item-a811c5f\" aria-selected=\"false\" data-tab=\"3\" role=\"tab\" tabindex=\"-1\" aria-controls=\"elementor-tab-content-2233\" aria-expanded=\"false\">                                <span class=\"ova-tab-icon\"><i class=\"flaticon flaticon-hotel\"><\/i><\/span>\n                                                        <div class=\"right\">\n                                Repas dans la chambre<span class=\"elementor-tab-subtitle\">Possibilit\u00e9 de se servir de tous les repas dans la chambre sans frais suppl\u00e9mentaires.<\/span>                            <\/div>\n\n                            <\/div>\n                    <div id=\"elementor-tab-content-2233\" class=\"elementor-tab-content elementor-clearfix\" data-tab=\"3\" role=\"tabpanel\" aria-labelledby=\"elementor-tab-title-2233\" tabindex=\"0\" hidden=\"hidden\"><\/div>\n                            <\/div>\n        <\/div>\n        \t\t<\/div>\n\t\t\t\t<\/div>\n\t\t\t\t<div class=\"elementor-element elementor-element-243615b elementor-widget elementor-widget-spacer\" data-id=\"243615b\" data-element_type=\"widget\" data-widget_type=\"spacer.default\">\n\t\t\t\t<div class=\"elementor-widget-container\">\n\t\t\t\t\t<div class=\"elementor-spacer\">\n\t\t\t<div class=\"elementor-spacer-inner\"><\/div>\n\t\t<\/div>\n\t\t\t\t<\/div>\n\t\t\t\t<\/div>\n\t\t\t\t<div class=\"elementor-element elementor-element-da6fd16 elementor-widget elementor-widget-heading\" data-id=\"da6fd16\" data-element_type=\"widget\" data-widget_type=\"heading.default\">\n\t\t\t\t<div class=\"elementor-widget-container\">\n\t\t\t<h2 class=\"elementor-heading-title elementor-size-default\">NOS PARTENAIRES<\/h2>\t\t<\/div>\n\t\t\t\t<\/div>\n\t\t\t\t<div class=\"elementor-element elementor-element-d55fdeb elementor-position-top elementor-widget elementor-widget-image-box\" data-id=\"d55fdeb\" data-element_type=\"widget\" data-widget_type=\"image-box.default\">\n\t\t\t\t<div class=\"elementor-widget-container\">\n\t\t\t<div class=\"elementor-image-box-wrapper\"><figure class=\"elementor-image-box-img\"><img fetchpriority=\"high\" decoding=\"async\" width=\"225\" height=\"225\" src=\"https:\/\/businesshoteltunis.com\/wp-content\/uploads\/2022\/07\/te\u0301le\u0301chargement-1-1.png\" class=\"attachment-full size-full wp-image-5810\" alt=\"\" srcset=\"https:\/\/businesshoteltunis.com\/wp-content\/uploads\/2022\/07\/te\u0301le\u0301chargement-1-1.png 225w, https:\/\/businesshoteltunis.com\/wp-content\/uploads\/2022\/07\/te\u0301le\u0301chargement-1-1-150x150.png 150w, https:\/\/businesshoteltunis.com\/wp-content\/uploads\/2022\/07\/te\u0301le\u0301chargement-1-1-100x100.png 100w\" sizes=\"(max-width: 225px) 100vw, 225px\" \/><\/figure><div class=\"elementor-image-box-content\"><h3 class=\"elementor-image-box-title\">STE SYAM<\/h3><p class=\"elementor-image-box-description\">SYAM : service d\u2019accompagnement m\u00e9dical \u00e0 domicile \nFacebook : SYAM Email : syamcontactus@gmail.com\nt\u00e9l : +216 25 54 55 14.<\/p><\/div><\/div>\t\t<\/div>\n\t\t\t\t<\/div>\n\t\t\t\t<div class=\"elementor-element elementor-element-e38a3a0 elementor-position-top elementor-widget elementor-widget-image-box\" data-id=\"e38a3a0\" data-element_type=\"widget\" data-widget_type=\"image-box.default\">\n\t\t\t\t<div class=\"elementor-widget-container\">\n\t\t\t<div class=\"elementor-image-box-wrapper\"><figure class=\"elementor-image-box-img\"><a href=\"https:\/\/www.google.com\/search?q=clinique+montplaisir&#038;bih=731&#038;biw=1440&#038;hl=fr&#038;sxsrf=ALiCzsYhBLYGw--rTafqOJE97dj36kAEqg%3A1657191992081&#038;source=hp&#038;ei=OL7GYpzeAu6ChbIPrbCn8Ac&#038;iflsig=AJiK0e8AAAAAYsbMSB1Vr0GkefdMF5aTFSZigFLJY43S&#038;gs_ssp=eJzj4tVP1zc0TDaOt6wwqzI1YLRSNagwNEpLMTaxsEyxNLJMSbI0tzKoSLY0NTG2TLS0NEw0NTMyM_cSSc7JzMssLE1VyM3PKynIScwsziwCABtcFpE&#038;oq=clinique+m&#038;gs_lcp=Cgdnd3Mtd2l6EAMYADIQCC4QgAQQhwIQxwEQrwEQFDIQCC4QgAQQhwIQxwEQrwEQFDILCC4QgAQQxwEQrwEyCwguEIAEEMcBEK8BMgsILhCABBDHARCvATILCC4QgAQQxwEQrwEyCwguEIAEEMcBEK8BMgsILhCABBDHARCvATIFCAAQgAQyBQgAEIAEOgQIIxAnOgQIABBDOgoILhDHARCvARBDOhAILhCxAxCDARDHARCvARBDOgsIABCABBCxAxCDAToHCCMQyQMQJzoHCAAQsQMQQzoICAAQgAQQsQM6EQguEIAEELEDEIMBEMcBEK8BUABY_gpgrBdoAHAAeACAAaMBiAHQCpIBBDAuMTCYAQCgAQE&#038;sclient=gws-wiz\" tabindex=\"-1\"><img decoding=\"async\" width=\"180\" height=\"180\" src=\"https:\/\/businesshoteltunis.com\/wp-content\/uploads\/2022\/07\/9a63b2d8f5aff06bf19069ba0549121f.jpg\" class=\"attachment-large size-large wp-image-5811\" alt=\"\" srcset=\"https:\/\/businesshoteltunis.com\/wp-content\/uploads\/2022\/07\/9a63b2d8f5aff06bf19069ba0549121f.jpg 180w, https:\/\/businesshoteltunis.com\/wp-content\/uploads\/2022\/07\/9a63b2d8f5aff06bf19069ba0549121f-150x150.jpg 150w, https:\/\/businesshoteltunis.com\/wp-content\/uploads\/2022\/07\/9a63b2d8f5aff06bf19069ba0549121f-100x100.jpg 100w\" sizes=\"(max-width: 180px) 100vw, 180px\" \/><\/a><\/figure><div class=\"elementor-image-box-content\"><h3 class=\"elementor-image-box-title\"><a href=\"https:\/\/www.google.com\/search?q=clinique+montplaisir&#038;bih=731&#038;biw=1440&#038;hl=fr&#038;sxsrf=ALiCzsYhBLYGw--rTafqOJE97dj36kAEqg%3A1657191992081&#038;source=hp&#038;ei=OL7GYpzeAu6ChbIPrbCn8Ac&#038;iflsig=AJiK0e8AAAAAYsbMSB1Vr0GkefdMF5aTFSZigFLJY43S&#038;gs_ssp=eJzj4tVP1zc0TDaOt6wwqzI1YLRSNagwNEpLMTaxsEyxNLJMSbI0tzKoSLY0NTG2TLS0NEw0NTMyM_cSSc7JzMssLE1VyM3PKynIScwsziwCABtcFpE&#038;oq=clinique+m&#038;gs_lcp=Cgdnd3Mtd2l6EAMYADIQCC4QgAQQhwIQxwEQrwEQFDIQCC4QgAQQhwIQxwEQrwEQFDILCC4QgAQQxwEQrwEyCwguEIAEEMcBEK8BMgsILhCABBDHARCvATILCC4QgAQQxwEQrwEyCwguEIAEEMcBEK8BMgsILhCABBDHARCvATIFCAAQgAQyBQgAEIAEOgQIIxAnOgQIABBDOgoILhDHARCvARBDOhAILhCxAxCDARDHARCvARBDOgsIABCABBCxAxCDAToHCCMQyQMQJzoHCAAQsQMQQzoICAAQgAQQsQM6EQguEIAEELEDEIMBEMcBEK8BUABY_gpgrBdoAHAAeACAAaMBiAHQCpIBBDAuMTCYAQCgAQE&#038;sclient=gws-wiz\">Clinique Monplaisir<\/a><\/h3><p class=\"elementor-image-box-description\">m\u00e9decine g\u00e9n\u00e9rale, cette clinique est situ\u00e9e \u00e0 une dizaine de m\u00e8tres de notre h\u00f4tel.<\/p><\/div><\/div>\t\t<\/div>\n\t\t\t\t<\/div>\n\t\t\t\t\t<\/div>\n\t\t<\/div>\n\t\t\t\t\t<\/div>\n\t\t<\/section>\n\t\t\t\t<div class=\"elementor-element elementor-element-e9b7605 elementor-position-top elementor-widget elementor-widget-image-box\" data-id=\"e9b7605\" data-element_type=\"widget\" data-widget_type=\"image-box.default\">\n\t\t\t\t<div class=\"elementor-widget-container\">\n\t\t\t<div class=\"elementor-image-box-wrapper\"><figure class=\"elementor-image-box-img\"><a href=\"https:\/\/www.google.com\/search?q=clinique+la+rose&#038;source=lmns&#038;bih=788&#038;biw=1440&#038;hl=fr&#038;sa=X&#038;ved=2ahUKEwiQsMKt0eb4AhXX_4UKHXDfDUIQ_AUoAHoECAEQAA\" tabindex=\"-1\"><img loading=\"lazy\" decoding=\"async\" width=\"503\" height=\"480\" src=\"https:\/\/businesshoteltunis.com\/wp-content\/uploads\/2022\/07\/26657d5ff9020d2abefe558796b99584.jpg\" class=\"attachment-full size-full wp-image-5812\" alt=\"\" srcset=\"https:\/\/businesshoteltunis.com\/wp-content\/uploads\/2022\/07\/26657d5ff9020d2abefe558796b99584.jpg 503w, https:\/\/businesshoteltunis.com\/wp-content\/uploads\/2022\/07\/26657d5ff9020d2abefe558796b99584-300x286.jpg 300w\" sizes=\"(max-width: 503px) 100vw, 503px\" \/><\/a><\/figure><div class=\"elementor-image-box-content\"><h3 class=\"elementor-image-box-title\"><a href=\"https:\/\/www.google.com\/search?q=clinique+la+rose&#038;source=lmns&#038;bih=788&#038;biw=1440&#038;hl=fr&#038;sa=X&#038;ved=2ahUKEwiQsMKt0eb4AhXX_4UKHXDfDUIQ_AUoAHoECAEQAA\">Clinique La Rose<\/a><\/h3><p class=\"elementor-image-box-description\">m\u00e9decine de reproduction, cette clinique est situ\u00e9e \u00e0 05 Km de notre h\u00f4tel.<\/p><\/div><\/div>\t\t<\/div>\n\t\t\t\t<\/div>\n\t\t\t\t<div class=\"elementor-element elementor-element-22d9ba3 elementor-position-top elementor-widget elementor-widget-image-box\" data-id=\"22d9ba3\" data-element_type=\"widget\" data-widget_type=\"image-box.default\">\n\t\t\t\t<div class=\"elementor-widget-container\">\n\t\t\t<div class=\"elementor-image-box-wrapper\"><figure class=\"elementor-image-box-img\"><a href=\"https:\/\/www.google.com\/search?q=clinique+ibn+zohr&#038;bih=731&#038;biw=1440&#038;hl=fr&#038;sxsrf=ALiCzsY_aTETTmX2XYwuCUmS69vmQpMh8A%3A1657192000491&#038;ei=QL7GYqO3HcWU9u8Pt7eJ4Aw&#038;oq=clinique+ibn&#038;gs_lcp=Cgdnd3Mtd2l6EAMYADIHCCMQyQMQJzIFCAAQgAQyCwguEIAEEMcBEK8BMgsILhCABBDHARCvATIFCAAQgAQyCwguEIAEEMcBEK8BMgsILhCABBDHARCvATILCC4QgAQQxwEQrwEyCwguEIAEEMcBEK8BMgUIABCABDoHCAAQRxCwAzoHCAAQsAMQQzoSCC4QxwEQrwEQyAMQsAMQQxgBOgoIABCABBCHAhAUOhAILhCABBCHAhDHARCvARAUSgQIQRgASgQIRhgAUJsGWJQIYPMNaAJwAXgAgAGiAYgBmwOSAQMwLjOYAQCgAQHIAQ3AAQHaAQQIARgI&#038;sclient=gws-wiz\" tabindex=\"-1\"><img loading=\"lazy\" decoding=\"async\" width=\"225\" height=\"225\" src=\"https:\/\/businesshoteltunis.com\/wp-content\/uploads\/2022\/07\/te\u0301le\u0301chargement-2.png\" class=\"attachment-full size-full wp-image-5813\" alt=\"\" srcset=\"https:\/\/businesshoteltunis.com\/wp-content\/uploads\/2022\/07\/te\u0301le\u0301chargement-2.png 225w, https:\/\/businesshoteltunis.com\/wp-content\/uploads\/2022\/07\/te\u0301le\u0301chargement-2-150x150.png 150w, https:\/\/businesshoteltunis.com\/wp-content\/uploads\/2022\/07\/te\u0301le\u0301chargement-2-100x100.png 100w\" sizes=\"(max-width: 225px) 100vw, 225px\" \/><\/a><\/figure><div class=\"elementor-image-box-content\"><h3 class=\"elementor-image-box-title\"><a href=\"https:\/\/www.google.com\/search?q=clinique+ibn+zohr&#038;bih=731&#038;biw=1440&#038;hl=fr&#038;sxsrf=ALiCzsY_aTETTmX2XYwuCUmS69vmQpMh8A%3A1657192000491&#038;ei=QL7GYqO3HcWU9u8Pt7eJ4Aw&#038;oq=clinique+ibn&#038;gs_lcp=Cgdnd3Mtd2l6EAMYADIHCCMQyQMQJzIFCAAQgAQyCwguEIAEEMcBEK8BMgsILhCABBDHARCvATIFCAAQgAQyCwguEIAEEMcBEK8BMgsILhCABBDHARCvATILCC4QgAQQxwEQrwEyCwguEIAEEMcBEK8BMgUIABCABDoHCAAQRxCwAzoHCAAQsAMQQzoSCC4QxwEQrwEQyAMQsAMQQxgBOgoIABCABBCHAhAUOhAILhCABBCHAhDHARCvARAUSgQIQRgASgQIRhgAUJsGWJQIYPMNaAJwAXgAgAGiAYgBmwOSAQMwLjOYAQCgAQHIAQ3AAQHaAQQIARgI&#038;sclient=gws-wiz\">Clinique Ibn Zohr<\/a><\/h3><p class=\"elementor-image-box-description\">m\u00e9decine Ophtalmologique, cette clinique est situ\u00e9e \u00e0 moins de 1Km de notre h\u00f4tel.<\/p><\/div><\/div>\t\t<\/div>\n\t\t\t\t<\/div>\n\t\t\t\t\t<\/div>\n\t\t<\/div>\n\t\t\t\t\t<\/div>\n\t\t<\/section>\n\t\t\t\t<section class=\"elementor-section elementor-top-section elementor-element elementor-element-5287020 elementor-section-boxed elementor-section-height-default elementor-section-height-default wpr-particle-no wpr-jarallax-no wpr-parallax-no wpr-sticky-section-no\" data-id=\"5287020\" data-element_type=\"section\">\n\t\t\t\t\t\t<div class=\"elementor-container elementor-column-gap-default\">\n\t\t\t\t\t<div class=\"elementor-column elementor-col-100 elementor-top-column elementor-element elementor-element-18ac5bc\" data-id=\"18ac5bc\" data-element_type=\"column\">\n\t\t\t<div class=\"elementor-widget-wrap elementor-element-populated\">\n\t\t\t\t\t\t<div class=\"elementor-element elementor-element-b7872df elementor-widget elementor-widget-hotelft_elementor_video\" data-id=\"b7872df\" data-element_type=\"widget\" data-widget_type=\"hotelft_elementor_video.default\">\n\t\t\t\t<div class=\"elementor-widget-container\">\n\t\t\t\n\t \t\t\t\t<div class=\"ova-video\">\n\t\t\t\t<div class=\"ova-video-container\">\n\t\t\t\t\t\t\t\t\t\t\t<img decoding=\"async\" src=\"https:\/\/cube2.cubesolutions.tn\/wp-content\/uploads\/2022\/07\/Capture-de\u0301cran-2022-07-07-a\u0300-11.38.07-AM-e1657190328263.png\" alt=\"\">\n\t\t\t\t\t\t\t\t\t\t<div class=\"video-content video-btn video-image\" id=\"ova-video\" \n\t\t\t\t\t\t data-src=\"https:\/\/www.youtube.com\/watch?v=Yav4eSINgJE\" \n\t\t\t\t\t\t data-autoplay=\"yes\" \n\t\t\t\t\t\t data-mute=\"no\" \n\t\t\t\t\t\t data-loop=\"yes\" \n\t\t\t\t\t\t data-controls=\"yes\" \n\t\t\t\t\t\t data-modest=\"yes\" \n\t\t\t\t\t\t data-show_info=\"no\">\n\t\t\t\t\t\t<i class=\"iconly-Arrow-Right-2 icbo\"><\/i>\n\t\t\t\t\t<\/div>\n\t\t\t\t<\/div>\n\t\t\t\t<div class=\"modal-container\">\n\t\t\t\t\t<div class=\"modal\">\n\t\t\t\t\t\t<i class=\"ovaicon-cancel\"><\/i>\n\t\t\t\t\t\t<iframe class=\"modal-video\" allow=\"autoplay\"><\/iframe>\n\t\t\t\t\t<\/div>\n\t\t\t\t<\/div>\n\t\t\t<\/div>\n\t\t\t\t<\/div>\n\t\t\t\t<\/div>\n\t\t\t\t\t<\/div>\n\t\t<\/div>\n\t\t\t\t\t<\/div>\n\t\t<\/section>\n\t\t\t\t<\/div>\n\t\t","protected":false},"excerpt":{"rendered":"<p>Business H\u00f4tel vous accompagne dans vos soins en Tunisie Sur le continent africain, la Tunisie occupe le 2eme rang dans le domaine du tourisme de sant\u00e9 derri\u00e8re l\u2019Afrique du Sud. Elle est aussi class\u00e9e 2eme destination mondiale en thalassoth\u00e9rapie apr\u00e8s la France. Business H\u00f4tel Tunis est un h\u00f4tel conventionn\u00e9 avec plusieurs Agences de voyage travaillant dans le domaine de tourisme m\u00e9dicale et aussi avec des cliniques et des m\u00e9decins sp\u00e9cialis\u00e9s dans la chirurgie esth\u00e9tique afin de recevoir et d\u2019h\u00e9berger des patients avant ou apr\u00e8s leurs op\u00e9rations. NOS SERVICES Menu sp\u00e9cialNous ex\u00e9cutons les menus recommand\u00e9s par votre m\u00e9decin des infirmiers et des kin\u00e9sAccessibilit\u00e9 des infirmiers et des kin\u00e9s \u00e0 votre chambre 24h\/24h. Repas dans la chambrePossibilit\u00e9 de se servir de tous les repas dans la chambre sans frais suppl\u00e9mentaires. Menu sp\u00e9cialNous ex\u00e9cutons les menus recommand\u00e9s par votre m\u00e9decin des infirmiers et des kin\u00e9sAccessibilit\u00e9 des infirmiers et des kin\u00e9s \u00e0 votre chambre 24h\/24h. Repas dans la chambrePossibilit\u00e9 de se servir de tous les repas dans la chambre sans frais suppl\u00e9mentaires. NOS PARTENAIRES STE SYAM SYAM : service d\u2019accompagnement m\u00e9dical \u00e0 domicile Facebook : SYAM Email : syamcontactus@gmail.com t\u00e9l : +216 25 54 55 14. Clinique Monplaisir m\u00e9decine g\u00e9n\u00e9rale, cette clinique est situ\u00e9e \u00e0 une dizaine de m\u00e8tres de notre h\u00f4tel. Clinique La Rose m\u00e9decine de reproduction, cette clinique est situ\u00e9e \u00e0 05 Km de notre h\u00f4tel. Clinique Ibn Zohr m\u00e9decine Ophtalmologique, cette clinique est situ\u00e9e \u00e0 moins de 1Km de notre h\u00f4tel.<\/p>\n","protected":false},"author":1,"featured_media":0,"parent":0,"menu_order":0,"comment_status":"closed","ping_status":"closed","template":"elementor_header_footer","meta":{"_acf_changed":false,"footnotes":""},"class_list":["post-7648","page","type-page","status-publish","hentry"],"acf":[],"_links":{"self":[{"href":"https:\/\/businesshoteltunis.com\/en\/wp-json\/wp\/v2\/pages\/7648","targetHints":{"allow":["GET"]}}],"collection":[{"href":"https:\/\/businesshoteltunis.com\/en\/wp-json\/wp\/v2\/pages"}],"about":[{"href":"https:\/\/businesshoteltunis.com\/en\/wp-json\/wp\/v2\/types\/page"}],"author":[{"embeddable":true,"href":"https:\/\/businesshoteltunis.com\/en\/wp-json\/wp\/v2\/users\/1"}],"replies":[{"embeddable":true,"href":"https:\/\/businesshoteltunis.com\/en\/wp-json\/wp\/v2\/comments?post=7648"}],"version-history":[{"count":0,"href":"https:\/\/businesshoteltunis.com\/en\/wp-json\/wp\/v2\/pages\/7648\/revisions"}],"wp:attachment":[{"href":"https:\/\/businesshoteltunis.com\/en\/wp-json\/wp\/v2\/media?parent=7648"}],"curies":[{"name":"wp","href":"https:\/\/api.w.org\/{rel}","templated":true}]}}