{"id":5889,"date":"2022-03-01T07:44:49","date_gmt":"2022-03-01T06:44:49","guid":{"rendered":"https:\/\/cube2.cubesolutions.tn\/actualites-2\/"},"modified":"2025-02-26T14:14:29","modified_gmt":"2025-02-26T13:14:29","slug":"actualites-2","status":"publish","type":"page","link":"https:\/\/businesshoteltunis.com\/en\/actualites-2\/","title":{"rendered":"Actualit\u00e9s"},"content":{"rendered":"\t\t<div data-elementor-type=\"wp-page\" data-elementor-id=\"5889\" class=\"elementor elementor-5889\" data-elementor-post-type=\"page\">\n\t\t\t\t<div class=\"elementor-element elementor-element-94000a6 e-flex e-con-boxed wpr-particle-no wpr-jarallax-no wpr-parallax-no wpr-sticky-section-no e-con e-parent\" data-id=\"94000a6\" data-element_type=\"container\" data-core-v316-plus=\"true\">\n\t\t\t\t\t<div class=\"e-con-inner\">\n\t\t\t\t<div class=\"elementor-element elementor-element-fb7d1a7 wpr-list-style-none elementor-widget elementor-widget-wpr-posts-timeline\" data-id=\"fb7d1a7\" data-element_type=\"widget\" data-settings=\"{&quot;swiper_speed&quot;:500}\" data-widget_type=\"wpr-posts-timeline.default\">\n\t\t\t\t<div class=\"elementor-widget-container\">\n\t\t\t<div class=\"wpr-timeline-outer-container\"><div class=\"wpr-wrapper swiper wpr-horizontal-bottom\" dir=\"\" data-slidestoshow = \"3\" data-autoplay=\"\" data-loop=\"\" data-swiper-speed=\"500\" data-swiper-delay=\"0\" data-swiper-poh=\"\" data-swiper-space-between=\"5\"><div class=\"swiper-wrapper wpr-horizontal-bottom-timeline\"><div class=\"swiper-slide swiper-slide-line-top no elementor-repeater-item-67cf2b3\"><div class=\"wpr-extra-label\" ><span class=\"wpr-label\" >Janvier 2025<\/span><span class=\"wpr-sub-label\" >Bonne note HOTELS<\/span><\/div><div class=\"wpr-main-line-icon wpr-icon\"><i aria-hidden=\"true\" class=\"far fa-lightbulb\"><\/i><\/div><div class=\"wpr-story-info \"><div class=\"wpr-animation-wrap wpr-timeline-media\"><img fetchpriority=\"high\" decoding=\"async\" width=\"875\" height=\"1240\" src=\"https:\/\/businesshoteltunis.com\/wp-content\/uploads\/2025\/02\/pdf_page-0001.jpg\" class=\"attachment-full size-full\" alt=\"\" srcset=\"https:\/\/businesshoteltunis.com\/wp-content\/uploads\/2025\/02\/pdf_page-0001.jpg 875w, https:\/\/businesshoteltunis.com\/wp-content\/uploads\/2025\/02\/pdf_page-0001-212x300.jpg 212w, https:\/\/businesshoteltunis.com\/wp-content\/uploads\/2025\/02\/pdf_page-0001-723x1024.jpg 723w, https:\/\/businesshoteltunis.com\/wp-content\/uploads\/2025\/02\/pdf_page-0001-768x1088.jpg 768w, https:\/\/businesshoteltunis.com\/wp-content\/uploads\/2025\/02\/pdf_page-0001-600x850.jpg 600w\" sizes=\"(max-width: 875px) 100vw, 875px\" \/><\/div><div class=\"wpr-timeline-content-wrapper\"><div class=\"wpr-title-wrap\"><span class=\"wpr-title\">Bonne note sur hotels.com<\/span><\/div><div class=\"wpr-description\"><p>Au nom de Business H\u00f4tel Tunis nous tenons\u00a0 vous informer que nous\u00a0 avons eu la note bonne sur le site hotels.com<\/p><p>Nous esp\u00e9rons que nous serions toujours \u00e0 la hauteur des attentes de nos clients.<\/p><\/div><\/div><\/div><\/div><div class=\"swiper-slide swiper-slide-line-top no elementor-repeater-item-4854b60\"><div class=\"wpr-extra-label\" ><span class=\"wpr-label\" >Janvier 2025<\/span><span class=\"wpr-sub-label\" >Note Tripadvisor<\/span><\/div><div class=\"wpr-main-line-icon wpr-icon\"><i aria-hidden=\"true\" class=\"far fa-paper-plane\"><\/i><\/div><div class=\"wpr-story-info \"><div class=\"wpr-animation-wrap wpr-timeline-media\"><img decoding=\"async\" width=\"149\" height=\"83\" src=\"https:\/\/businesshoteltunis.com\/wp-content\/uploads\/2025\/02\/IMG_5037-2.jpeg\" class=\"attachment-1536x1536 size-1536x1536\" alt=\"\" \/><\/div><div class=\"wpr-timeline-content-wrapper\"><div class=\"wpr-title-wrap\"><span class=\"wpr-title\">Classement TripAdvisor<\/span><\/div><div class=\"wpr-description\"><p>Nous, au nom de Business H\u00f4tel Tunis sommes ravis de vous annoncer que nous \u00e9tions class\u00e9s comme excellent par nos voyageurs\u00a0\u00a0<\/p><p>Nous esp\u00e9rons que nous serions toujours \u00e0 la hauteur des attentes de nos clients.<\/p><p>Business H\u00f4tel Tunis fera de son mieux pour vous satisfaire et r\u00e9pondre a vos besoins<\/p><p><img decoding=\"async\" class=\"alignnone wp-image-9948\" src=\"https:\/\/businesshoteltunis.com\/wp-content\/uploads\/2025\/02\/IMG_5038-1.jpeg\" alt=\"\" width=\"189\" height=\"136\" \/><\/p><\/div><\/div><\/div><\/div><div class=\"swiper-slide swiper-slide-line-top no elementor-repeater-item-3577bc3\"><div class=\"wpr-extra-label\" ><span class=\"wpr-label\" >Janvier 2025<\/span><span class=\"wpr-sub-label\" >Bonne note Booking<\/span><\/div><div class=\"wpr-main-line-icon wpr-icon\"><i aria-hidden=\"true\" class=\"fas fa-bolt\"><\/i><\/div><div class=\"wpr-story-info \"><div class=\"wpr-animation-wrap wpr-timeline-media\"><img loading=\"lazy\" decoding=\"async\" width=\"1754\" height=\"1241\" src=\"https:\/\/businesshoteltunis.com\/wp-content\/uploads\/2025\/02\/Professional-Printed-Award-TRA-2025_page-0001.jpg\" class=\"attachment-full size-full\" alt=\"\" srcset=\"https:\/\/businesshoteltunis.com\/wp-content\/uploads\/2025\/02\/Professional-Printed-Award-TRA-2025_page-0001.jpg 1754w, https:\/\/businesshoteltunis.com\/wp-content\/uploads\/2025\/02\/Professional-Printed-Award-TRA-2025_page-0001-300x212.jpg 300w, https:\/\/businesshoteltunis.com\/wp-content\/uploads\/2025\/02\/Professional-Printed-Award-TRA-2025_page-0001-1024x725.jpg 1024w, https:\/\/businesshoteltunis.com\/wp-content\/uploads\/2025\/02\/Professional-Printed-Award-TRA-2025_page-0001-768x543.jpg 768w, https:\/\/businesshoteltunis.com\/wp-content\/uploads\/2025\/02\/Professional-Printed-Award-TRA-2025_page-0001-1536x1087.jpg 1536w, https:\/\/businesshoteltunis.com\/wp-content\/uploads\/2025\/02\/Professional-Printed-Award-TRA-2025_page-0001-600x425.jpg 600w\" sizes=\"(max-width: 1754px) 100vw, 1754px\" \/><\/div><div class=\"wpr-timeline-content-wrapper\"><div class=\"wpr-title-wrap\"><span class=\"wpr-title\">Bonne note Booking<\/span><\/div><div class=\"wpr-description\"><p>Nous, au nom de Business H\u00f4tel Tunis sommes ravis de vous annoncer que nous \u00e9tions class\u00e9s comme excellent par nos voyageurs\u00a0<\/p><p>Nous esp\u00e9rons que nous serions toujours \u00e0 la hauteur des attentes de nos clients.<\/p><p>Business H\u00f4tel Tunis fera de son mieux pour vous satisfaire et r\u00e9pondre a vos besoins<\/p><p><img loading=\"lazy\" decoding=\"async\" class=\"alignnone wp-image-9952\" src=\"https:\/\/businesshoteltunis.com\/wp-content\/uploads\/2025\/02\/Professional-Printed-Award-TRA-2025_page-0001-300x212.jpg\" alt=\"\" width=\"127\" height=\"90\" srcset=\"https:\/\/businesshoteltunis.com\/wp-content\/uploads\/2025\/02\/Professional-Printed-Award-TRA-2025_page-0001-300x212.jpg 300w, https:\/\/businesshoteltunis.com\/wp-content\/uploads\/2025\/02\/Professional-Printed-Award-TRA-2025_page-0001-1024x725.jpg 1024w, https:\/\/businesshoteltunis.com\/wp-content\/uploads\/2025\/02\/Professional-Printed-Award-TRA-2025_page-0001-768x543.jpg 768w, https:\/\/businesshoteltunis.com\/wp-content\/uploads\/2025\/02\/Professional-Printed-Award-TRA-2025_page-0001-1536x1087.jpg 1536w, https:\/\/businesshoteltunis.com\/wp-content\/uploads\/2025\/02\/Professional-Printed-Award-TRA-2025_page-0001-600x425.jpg 600w, https:\/\/businesshoteltunis.com\/wp-content\/uploads\/2025\/02\/Professional-Printed-Award-TRA-2025_page-0001.jpg 1754w\" sizes=\"(max-width: 127px) 100vw, 127px\" \/><\/p><\/div><\/div><\/div><\/div><div class=\"swiper-slide swiper-slide-line-top no elementor-repeater-item-b68376f\"><div class=\"wpr-extra-label\" ><span class=\"wpr-label\" >Jan 2025<\/span><span class=\"wpr-sub-label\" >Engagement social<\/span><\/div><div class=\"wpr-main-line-icon wpr-icon\"><i aria-hidden=\"true\" class=\"far fa-flag\"><\/i><\/div><div class=\"wpr-story-info \"><div class=\"wpr-animation-wrap wpr-timeline-media\"><img loading=\"lazy\" decoding=\"async\" width=\"200\" height=\"72\" src=\"https:\/\/businesshoteltunis.com\/wp-content\/uploads\/2025\/02\/cropped-logo-no-background-200p.png\" class=\"attachment-full size-full\" alt=\"\" \/><\/div><div class=\"wpr-timeline-content-wrapper\"><div class=\"wpr-title-wrap\"><a href=\"https:\/\/ettafaol.wordpress.com\/\" target=\"_blank\" rel=\"nofollow\"><span class=\"wpr-title\">Engagement social<\/span><\/a><\/div><div class=\"wpr-description\"><p class=\"x_MsoNormal\" data-olk-copy-source=\"MessageBody\">unissons-nous pour soutenir les malades \u00e9pileptiques. Nous avons la chance de pouvoir nous engager ensemble pour une cause qui nous ai ch\u00e8re. A travers le support de l\u2019association Ettafaol pour enfants et adolescents \u00e9pileptiques qui a comme mission principale l\u2019am\u00e9lioration de quotidien des enfants \u00e9pileptiques et leurs familles, nous souhaitons \u00eatre acteur d\u2019un mouvement solidaire.<img loading=\"lazy\" decoding=\"async\" class=\"alignnone size-medium wp-image-9769\" src=\"https:\/\/businesshoteltunis.com\/wp-content\/uploads\/2025\/02\/10694_961480560548526_3774692019842713581_n-300x219.jpg\" alt=\"\" width=\"300\" height=\"219\" srcset=\"https:\/\/businesshoteltunis.com\/wp-content\/uploads\/2025\/02\/10694_961480560548526_3774692019842713581_n-300x219.jpg 300w, https:\/\/businesshoteltunis.com\/wp-content\/uploads\/2025\/02\/10694_961480560548526_3774692019842713581_n.jpg 571w\" sizes=\"(max-width: 300px) 100vw, 300px\" \/><\/p><\/div><\/div><\/div><\/div><\/div>\n\t\t\t<!-- Add Pagination -->        \n\t\t\t<div class=\"wpr-swiper-pagination\"><\/div>\n\t\t\t<!-- Add Arrows -->\n\t\t\t<div class=\"wpr-button-prev wpr-timeline-prev-arrow wpr-timeline-prev-fb7d1a7\">\n\t\t\t\t<i class=\"fas fa-angle-left\"><\/i>\n\t\t\t<\/div>\n\t\t\t<div class=\"wpr-button-next wpr-timeline-next-arrow wpr-timeline-next-fb7d1a7\">\n\t\t\t\t<i class=\"fas fa-angle-left\"><\/i>\n\t\t\t<\/div>\n\t\t<\/div><\/div>\t\t<\/div>\n\t\t\t\t<\/div>\n\t\t\t\t\t<\/div>\n\t\t\t\t<\/div>\n\t\t\t\t<section class=\"elementor-section elementor-top-section elementor-element elementor-element-fedb3c3 elementor-section-boxed elementor-section-height-default elementor-section-height-default wpr-particle-no wpr-jarallax-no wpr-parallax-no wpr-sticky-section-no\" data-id=\"fedb3c3\" data-element_type=\"section\">\n\t\t\t\t\t\t<div class=\"elementor-container elementor-column-gap-default\">\n\t\t\t\t\t<div class=\"elementor-column elementor-col-33 elementor-top-column elementor-element elementor-element-2289da1\" data-id=\"2289da1\" data-element_type=\"column\">\n\t\t\t<div class=\"elementor-widget-wrap elementor-element-populated\">\n\t\t\t\t\t\t<div class=\"elementor-element elementor-element-91bc709 elementor-view-default elementor-position-top elementor-mobile-position-top elementor-widget elementor-widget-icon-box\" data-id=\"91bc709\" data-element_type=\"widget\" data-widget_type=\"icon-box.default\">\n\t\t\t\t<div class=\"elementor-widget-container\">\n\t\t\t\t\t<div class=\"elementor-icon-box-wrapper\">\n\t\t\t\t\t\t<div class=\"elementor-icon-box-icon\">\n\t\t\t\t<span  class=\"elementor-icon elementor-animation-\">\n\t\t\t\t<i aria-hidden=\"true\" class=\"fas fa-search\"><\/i>\t\t\t\t<\/span>\n\t\t\t<\/div>\n\t\t\t\t\t\t<div class=\"elementor-icon-box-content\">\n\t\t\t\t<h3 class=\"elementor-icon-box-title\">\n\t\t\t\t\t<span  >\n\t\t\t\t\t\tD\u00e9couvrir la Tunisie\t\t\t\t\t<\/span>\n\t\t\t\t<\/h3>\n\t\t\t\t\t\t\t\t\t<p class=\"elementor-icon-box-description\">\n\t\t\t\t\t\tIl y a tant de choses \u00e0 d\u00e9couvrir en Tunisie : des paysages contrast\u00e9s, des traditions et coutumes diverses, un riche h\u00e9ritage historique\t\t\t\t\t<\/p>\n\t\t\t\t\t\t\t<\/div>\n\t\t<\/div>\n\t\t\t\t<\/div>\n\t\t\t\t<\/div>\n\t\t\t\t<div class=\"elementor-element elementor-element-bdb8881 elementor-align-center elementor-widget elementor-widget-button\" data-id=\"bdb8881\" data-element_type=\"widget\" data-widget_type=\"button.default\">\n\t\t\t\t<div class=\"elementor-widget-container\">\n\t\t\t\t\t<div class=\"elementor-button-wrapper\">\n\t\t\t<a class=\"elementor-button elementor-button-link elementor-size-sm\" href=\"https:\/\/www.discovertunisia.com\/decouvrir\">\n\t\t\t\t\t\t<span class=\"elementor-button-content-wrapper\">\n\t\t\t\t\t\t<span class=\"elementor-button-text\">Cliquez ici<\/span>\n\t\t<\/span>\n\t\t\t\t\t<\/a>\n\t\t<\/div>\n\t\t\t\t<\/div>\n\t\t\t\t<\/div>\n\t\t\t\t\t<\/div>\n\t\t<\/div>\n\t\t\t\t<div class=\"elementor-column elementor-col-33 elementor-top-column elementor-element elementor-element-5e8616e\" data-id=\"5e8616e\" data-element_type=\"column\">\n\t\t\t<div class=\"elementor-widget-wrap elementor-element-populated\">\n\t\t\t\t\t\t<div class=\"elementor-element elementor-element-9d7072f elementor-view-default elementor-position-top elementor-mobile-position-top elementor-widget elementor-widget-icon-box\" data-id=\"9d7072f\" data-element_type=\"widget\" data-widget_type=\"icon-box.default\">\n\t\t\t\t<div class=\"elementor-widget-container\">\n\t\t\t\t\t<div class=\"elementor-icon-box-wrapper\">\n\t\t\t\t\t\t<div class=\"elementor-icon-box-icon\">\n\t\t\t\t<span  class=\"elementor-icon elementor-animation-\">\n\t\t\t\t<i aria-hidden=\"true\" class=\"fas fa-map-marked-alt\"><\/i>\t\t\t\t<\/span>\n\t\t\t<\/div>\n\t\t\t\t\t\t<div class=\"elementor-icon-box-content\">\n\t\t\t\t<h3 class=\"elementor-icon-box-title\">\n\t\t\t\t\t<span  >\n\t\t\t\t\t\tGuide en Tunisie\t\t\t\t\t<\/span>\n\t\t\t\t<\/h3>\n\t\t\t\t\t\t\t\t\t<p class=\"elementor-icon-box-description\">\n\t\t\t\t\t\tTunis est une ville riche en sites \u00e0 visiter. Ainsi la m\u00e9dina de Tunis et ses souks sont tout simplement incontournables\t\t\t\t\t<\/p>\n\t\t\t\t\t\t\t<\/div>\n\t\t<\/div>\n\t\t\t\t<\/div>\n\t\t\t\t<\/div>\n\t\t\t\t<div class=\"elementor-element elementor-element-575d9f2 elementor-align-center elementor-widget elementor-widget-button\" data-id=\"575d9f2\" data-element_type=\"widget\" data-widget_type=\"button.default\">\n\t\t\t\t<div class=\"elementor-widget-container\">\n\t\t\t\t\t<div class=\"elementor-button-wrapper\">\n\t\t\t<a class=\"elementor-button elementor-button-link elementor-size-sm\" href=\"https:\/\/www.cityzeum.com\/guide\/tunis\">\n\t\t\t\t\t\t<span class=\"elementor-button-content-wrapper\">\n\t\t\t\t\t\t<span class=\"elementor-button-text\">Cliquez ici<\/span>\n\t\t<\/span>\n\t\t\t\t\t<\/a>\n\t\t<\/div>\n\t\t\t\t<\/div>\n\t\t\t\t<\/div>\n\t\t\t\t\t<\/div>\n\t\t<\/div>\n\t\t\t\t<div class=\"elementor-column elementor-col-33 elementor-top-column elementor-element elementor-element-389689e\" data-id=\"389689e\" data-element_type=\"column\">\n\t\t\t<div class=\"elementor-widget-wrap elementor-element-populated\">\n\t\t\t\t\t\t<div class=\"elementor-element elementor-element-7f49a22 elementor-view-default elementor-position-top elementor-mobile-position-top elementor-widget elementor-widget-icon-box\" data-id=\"7f49a22\" data-element_type=\"widget\" data-widget_type=\"icon-box.default\">\n\t\t\t\t<div class=\"elementor-widget-container\">\n\t\t\t\t\t<div class=\"elementor-icon-box-wrapper\">\n\t\t\t\t\t\t<div class=\"elementor-icon-box-icon\">\n\t\t\t\t<span  class=\"elementor-icon elementor-animation-\">\n\t\t\t\t<i aria-hidden=\"true\" class=\"fas fa-sun\"><\/i>\t\t\t\t<\/span>\n\t\t\t<\/div>\n\t\t\t\t\t\t<div class=\"elementor-icon-box-content\">\n\t\t\t\t<h3 class=\"elementor-icon-box-title\">\n\t\t\t\t\t<span  >\n\t\t\t\t\t\tQue faire \u00e0 Tunis\t\t\t\t\t<\/span>\n\t\t\t\t<\/h3>\n\t\t\t\t\t\t\t\t\t<p class=\"elementor-icon-box-description\">\n\t\t\t\t\t\tD\u00e9couvrez les meilleures activit\u00e9s \u00e0 faire \u00e0 Tunis en cliquant sur le lien et profitez de vos meilleurs moments!\t\t\t\t\t<\/p>\n\t\t\t\t\t\t\t<\/div>\n\t\t<\/div>\n\t\t\t\t<\/div>\n\t\t\t\t<\/div>\n\t\t\t\t<div class=\"elementor-element elementor-element-e1ec334 elementor-align-center elementor-widget elementor-widget-button\" data-id=\"e1ec334\" data-element_type=\"widget\" data-widget_type=\"button.default\">\n\t\t\t\t<div class=\"elementor-widget-container\">\n\t\t\t\t\t<div class=\"elementor-button-wrapper\">\n\t\t\t<a class=\"elementor-button elementor-button-link elementor-size-sm\" href=\"https:\/\/www.getyourguide.fr\/-l304\/?cmp=ga&#038;cq_src=google_ads&#038;cq_cmp=15505239996&#038;cq_con=134483195881&#038;cq_term=lieu%20a%20visiter%20a%20tunis&#038;cq_med=&#038;cq_plac=&#038;cq_net=g&#038;cq_pos=&#038;cq_plt=gp&#038;campaign_id=15505239996&#038;adgroup_id=134483195881&#038;target_id=aud-902616714622%3Akwd-1600903446464&#038;loc_physical_ms=1012760&#038;match_type=e&#038;ad_id=569326952132&#038;keyword=lieu%20a%20visiter%20a%20tunis&#038;ad_position=&#038;feed_item_id=&#038;placement=&#038;device=c&#038;partner_id=CD951&#038;gclid=CjwKCAjwquWVBhBrEiwAt1KmwrohgegTHkO1YX2KtLTl5iDmgoiMuBONtZ3p9wyOn8UdSsFLwLpN2RoCiKcQAvD_BwE\">\n\t\t\t\t\t\t<span class=\"elementor-button-content-wrapper\">\n\t\t\t\t\t\t<span class=\"elementor-button-text\">Cliquez ici<\/span>\n\t\t<\/span>\n\t\t\t\t\t<\/a>\n\t\t<\/div>\n\t\t\t\t<\/div>\n\t\t\t\t<\/div>\n\t\t\t\t\t<\/div>\n\t\t<\/div>\n\t\t\t\t\t<\/div>\n\t\t<\/section>\n\t\t\t\t<\/div>\n\t\t","protected":false},"excerpt":{"rendered":"<p>Janvier 2025Bonne note HOTELS Bonne note sur hotels.com Au nom de Business H\u00f4tel Tunis nous tenons\u00a0 vous informer que nous\u00a0 avons eu la note bonne sur le site hotels.com Nous esp\u00e9rons que nous serions toujours \u00e0 la hauteur des attentes de nos clients. Janvier 2025Note Tripadvisor Classement TripAdvisor Nous, au nom de Business H\u00f4tel Tunis sommes ravis de vous annoncer que nous \u00e9tions class\u00e9s comme excellent par nos voyageurs\u00a0\u00a0 Nous esp\u00e9rons que nous serions toujours \u00e0 la hauteur des attentes de nos clients. Business H\u00f4tel Tunis fera de son mieux pour vous satisfaire et r\u00e9pondre a vos besoins Janvier 2025Bonne note Booking Bonne note Booking Nous, au nom de Business H\u00f4tel Tunis sommes ravis de vous annoncer que nous \u00e9tions class\u00e9s comme excellent par nos voyageurs\u00a0 Nous esp\u00e9rons que nous serions toujours \u00e0 la hauteur des attentes de nos clients. Business H\u00f4tel Tunis fera de son mieux pour vous satisfaire et r\u00e9pondre a vos besoins Jan 2025Engagement social Engagement social unissons-nous pour soutenir les malades \u00e9pileptiques. Nous avons la chance de pouvoir nous engager ensemble pour une cause qui nous ai ch\u00e8re. A travers le support de l\u2019association Ettafaol pour enfants et adolescents \u00e9pileptiques qui a comme mission principale l\u2019am\u00e9lioration de quotidien des enfants \u00e9pileptiques et leurs familles, nous souhaitons \u00eatre acteur d\u2019un mouvement solidaire. D\u00e9couvrir la Tunisie Il y a tant de choses \u00e0 d\u00e9couvrir en Tunisie : des paysages contrast\u00e9s, des traditions et coutumes diverses, un riche h\u00e9ritage historique Cliquez ici Guide en Tunisie Tunis est une ville riche en sites \u00e0 visiter. Ainsi la m\u00e9dina de Tunis et ses souks sont tout simplement incontournables Cliquez ici Que faire \u00e0 Tunis D\u00e9couvrez les meilleures activit\u00e9s \u00e0 faire \u00e0 Tunis en cliquant sur le lien et profitez de vos meilleurs moments! Cliquez ici<\/p>\n","protected":false},"author":1,"featured_media":0,"parent":0,"menu_order":0,"comment_status":"closed","ping_status":"closed","template":"","meta":{"_acf_changed":false,"footnotes":""},"class_list":["post-5889","page","type-page","status-publish","hentry"],"acf":[],"_links":{"self":[{"href":"https:\/\/businesshoteltunis.com\/en\/wp-json\/wp\/v2\/pages\/5889","targetHints":{"allow":["GET"]}}],"collection":[{"href":"https:\/\/businesshoteltunis.com\/en\/wp-json\/wp\/v2\/pages"}],"about":[{"href":"https:\/\/businesshoteltunis.com\/en\/wp-json\/wp\/v2\/types\/page"}],"author":[{"embeddable":true,"href":"https:\/\/businesshoteltunis.com\/en\/wp-json\/wp\/v2\/users\/1"}],"replies":[{"embeddable":true,"href":"https:\/\/businesshoteltunis.com\/en\/wp-json\/wp\/v2\/comments?post=5889"}],"version-history":[{"count":47,"href":"https:\/\/businesshoteltunis.com\/en\/wp-json\/wp\/v2\/pages\/5889\/revisions"}],"predecessor-version":[{"id":10015,"href":"https:\/\/businesshoteltunis.com\/en\/wp-json\/wp\/v2\/pages\/5889\/revisions\/10015"}],"wp:attachment":[{"href":"https:\/\/businesshoteltunis.com\/en\/wp-json\/wp\/v2\/media?parent=5889"}],"curies":[{"name":"wp","href":"https:\/\/api.w.org\/{rel}","templated":true}]}}