{"id":10,"date":"2022-06-29T22:49:48","date_gmt":"2022-06-29T20:49:48","guid":{"rendered":"https:\/\/cube2.cubesolutions.tn\/?page_id=10"},"modified":"2025-02-06T15:22:16","modified_gmt":"2025-02-06T14:22:16","slug":"checkout","status":"publish","type":"page","link":"https:\/\/businesshoteltunis.com\/en\/checkout\/","title":{"rendered":"Reservation"},"content":{"rendered":"\t\t<div data-elementor-type=\"wp-page\" data-elementor-id=\"10\" class=\"elementor elementor-10\" data-elementor-post-type=\"page\">\n\t\t\t\t\t\t<section class=\"elementor-section elementor-top-section elementor-element elementor-element-4a1d1df elementor-section-boxed elementor-section-height-default elementor-section-height-default wpr-particle-no wpr-jarallax-no wpr-parallax-no wpr-sticky-section-no\" data-id=\"4a1d1df\" data-element_type=\"section\">\n\t\t\t\t\t\t<div class=\"elementor-container elementor-column-gap-default\">\n\t\t\t\t\t<div class=\"elementor-column elementor-col-100 elementor-top-column elementor-element elementor-element-3663f91\" data-id=\"3663f91\" data-element_type=\"column\">\n\t\t\t<div class=\"elementor-widget-wrap elementor-element-populated\">\n\t\t\t\t\t\t<div class=\"elementor-element elementor-element-0741402 e-checkout-layout-two-column elementor-widget elementor-widget-woocommerce-checkout-page\" data-id=\"0741402\" data-element_type=\"widget\" data-widget_type=\"woocommerce-checkout-page.default\">\n\t\t\t\t<div class=\"elementor-widget-container\">\n\t\t\t<div class=\"woocommerce\"><\/div>\t\t<\/div>\n\t\t\t\t<\/div>\n\t\t\t\t<div class=\"elementor-element elementor-element-ca8eb16 e-checkout-layout-two-column elementor-widget elementor-widget-woocommerce-checkout-page\" data-id=\"ca8eb16\" data-element_type=\"widget\" data-settings=\"{&quot;sticky_right_column&quot;:&quot;yes&quot;}\" data-widget_type=\"woocommerce-checkout-page.default\">\n\t\t\t\t<div class=\"elementor-widget-container\">\n\t\t\t<div class=\"woocommerce\"><\/div>\t\t<\/div>\n\t\t\t\t<\/div>\n\t\t\t\t\t<\/div>\n\t\t<\/div>\n\t\t\t\t\t<\/div>\n\t\t<\/section>\n\t\t\t\t<section class=\"elementor-section elementor-top-section elementor-element elementor-element-b8c00c3 elementor-section-boxed elementor-section-height-default elementor-section-height-default wpr-particle-no wpr-jarallax-no wpr-parallax-no wpr-sticky-section-no\" data-id=\"b8c00c3\" data-element_type=\"section\">\n\t\t\t\t\t\t<div class=\"elementor-container elementor-column-gap-default\">\n\t\t\t\t\t<div class=\"elementor-column elementor-col-100 elementor-top-column elementor-element elementor-element-b9c3a72\" data-id=\"b9c3a72\" data-element_type=\"column\">\n\t\t\t<div class=\"elementor-widget-wrap elementor-element-populated\">\n\t\t\t\t\t\t<div class=\"elementor-element elementor-element-3abfc93 elementor-widget elementor-widget-text-editor\" data-id=\"3abfc93\" data-element_type=\"widget\" data-widget_type=\"text-editor.default\">\n\t\t\t\t<div class=\"elementor-widget-container\">\n\t\t\t\t\t\t\t<p><strong>GENERAL NOTE:<\/strong><\/p><p><strong>3 Tunisian dinars<\/strong> will be charged per person each day for Arab Maghreb residents and <strong>12 Tunisian dinars<\/strong> for resident abroad mentioned as tourist tax mandatorily imposed by Tunisian law.<\/p><p>Note that for your stays that exceed 15 days, the tax will not be increased, and it is only calculated for the first 15 days of stays.<\/p>\t\t\t\t\t\t<\/div>\n\t\t\t\t<\/div>\n\t\t\t\t\t<\/div>\n\t\t<\/div>\n\t\t\t\t\t<\/div>\n\t\t<\/section>\n\t\t\t\t<\/div>\n\t\t","protected":false},"excerpt":{"rendered":"<p>Billing and Shipping Details First Name&nbsp;* Last Name&nbsp;* Country \/ Region&nbsp;*Select a country \/ region&hellip;Afghanistan\u00c5land IslandsAlbaniaAlgeriaAmerican SamoaAndorraAngolaAnguillaAntarcticaAntigua and BarbudaArgentinaArmeniaArubaAustraliaAustriaAzerbaijanBahamasBahrainBangladeshBarbadosBelarusBelauBelgiumBelizeBeninBermudaBhutanBoliviaBonaire, Saint Eustatius and SabaBosnia and HerzegovinaBotswanaBouvet IslandBrazilBritish Indian Ocean TerritoryBruneiBulgariaBurkina FasoBurundiCambodiaCameroonCanadaCape VerdeCayman IslandsCentral African RepublicChadChileChinaChristmas IslandCocos (Keeling) IslandsColombiaComorosCongo (Brazzaville)Congo (Kinshasa)Cook IslandsCosta RicaCroatiaCubaCura&ccedil;aoCyprusCzech RepublicDenmarkDjiboutiDominicaDominican RepublicEcuadorEgyptEl SalvadorEquatorial GuineaEritreaEstoniaEswatiniEthiopiaFalkland IslandsFaroe IslandsFijiFinlandFranceFrench GuianaFrench PolynesiaFrench Southern TerritoriesGabonGambiaGeorgiaGermanyGhanaGibraltarGreeceGreenlandGrenadaGuadeloupeGuamGuatemalaGuernseyGuineaGuinea-BissauGuyanaHaitiHeard Island and McDonald IslandsHondurasHong KongHungaryIcelandIndiaIndonesiaIranIraqIrelandIsle of ManIsraelItalyIvory CoastJamaicaJapanJerseyJordanKazakhstanKenyaKiribatiKuwaitKyrgyzstanLaosLatviaLebanonLesothoLiberiaLibyaLiechtensteinLithuaniaLuxembourgMacaoMadagascarMalawiMalaysiaMaldivesMaliMaltaMarshall IslandsMartiniqueMauritaniaMauritiusMayotteMexicoMicronesiaMoldovaMonacoMongoliaMontenegroMontserratMoroccoMozambiqueMyanmarNamibiaNauruNepalNetherlandsNew CaledoniaNew ZealandNicaraguaNigerNigeriaNiueNorfolk IslandNorth KoreaNorth MacedoniaNorthern Mariana IslandsNorwayOmanPakistanPalestinian TerritoryPanamaPapua New GuineaParaguayPeruPhilippinesPitcairnPolandPortugalPuerto RicoQatarReunionRomaniaRussiaRwandaS&atilde;o Tom&eacute; and Pr&iacute;ncipeSaint Barth&eacute;lemySaint HelenaSaint Kitts and NevisSaint LuciaSaint Martin (Dutch part)Saint Martin (French part)Saint Pierre and MiquelonSaint Vincent and the GrenadinesSamoaSan MarinoSaudi ArabiaSenegalSerbiaSeychellesSierra LeoneSingaporeSlovakiaSloveniaSolomon IslandsSomaliaSouth AfricaSouth Georgia\/Sandwich IslandsSouth KoreaSouth SudanSpainSri LankaSudanSurinameSvalbard and Jan MayenSwedenSwitzerlandSyriaTaiwanTajikistanTanzaniaThailandTimor-LesteTogoTokelauTongaTrinidad and TobagoTunisiaTurkeyTurkmenistanTurks and Caicos IslandsTuvaluUgandaUkraineUnited Arab EmiratesUnited Kingdom (UK)United States (US)United States (US) Minor Outlying IslandsUruguayUzbekistanVanuatuVaticanVenezuelaVietnamVirgin Islands (British)Virgin Islands (US)Wallis and FutunaWestern SaharaYemenZambiaZimbabweUpdate country \/ region Street address&nbsp;* Town \/ City&nbsp;* State \/ County&nbsp;* Postcode \/ ZIP&nbsp;* Phone&nbsp;* Email Address&nbsp;* Additional Information booking Notes&nbsp;(optional) Your booking Product Subtotal Business Suite&nbsp; 1 Night(s) Check-in date: 12-02-2025 Check-out date: 13-02-2025 Adults: 1 Child cradle Free for -4 years: no extra beds: 0 Rooms: 1 Type of arragement: simple housing Transfer: Airport-Hotel transfer (60dt) 380.00&nbsp;TND simple housing: 0.00&nbsp;TND Airport-Hotel transfer (60dt): 60.00&nbsp;TND Chambre Standard (Lit King size)&nbsp; 2 Night(s) Check-in date: 07-02-2025 Check-out date: 09-02-2025 Adults: 1 Child cradle Free for -4 years: no extra beds: 0 Rooms: 1 Type d&#8217;arrangement: Logement simple Transfert: A\u00e9roport-H\u00f4tel-A\u00e9roport (100dt) Extra Service: Panier Fruit de saison-35dt 575.00&nbsp;TND Logement simple: 0.00&nbsp;TND A\u00e9roport-H\u00f4tel-A\u00e9roport (100dt): 100.00&nbsp;TND Panier Fruit de saison-35dt: 35.00&nbsp;TND Subtotal 955.00&nbsp;TND Total 955.00&nbsp;TND PAIEMENT \u00c0 L&#8217;ARRIV\u00c9E PAIEMENT \u00c0 L&#8217;ARRIV\u00c9E Since your browser does not support JavaScript, or it is disabled, please ensure you click the Update Totals button before placing your booking. You may be charged more than the amount stated above if you fail to do so. Update totals Your personal data will be used to confirm your reservation and will remain confidential. Place booking Guest informations Last name&nbsp;* Name&nbsp;* Country \/ Region&nbsp;*Select a country \/ region&hellip;Afghanistan\u00c5land IslandsAlbaniaAlgeriaAmerican SamoaAndorraAngolaAnguillaAntarcticaAntigua and BarbudaArgentinaArmeniaArubaAustraliaAustriaAzerbaijanBahamasBahrainBangladeshBarbadosBelarusBelauBelgiumBelizeBeninBermudaBhutanBoliviaBonaire, Saint Eustatius and SabaBosnia and HerzegovinaBotswanaBouvet IslandBrazilBritish Indian Ocean TerritoryBruneiBulgariaBurkina FasoBurundiCambodiaCameroonCanadaCape VerdeCayman IslandsCentral African RepublicChadChileChinaChristmas IslandCocos (Keeling) IslandsColombiaComorosCongo (Brazzaville)Congo (Kinshasa)Cook IslandsCosta RicaCroatiaCubaCura&ccedil;aoCyprusCzech RepublicDenmarkDjiboutiDominicaDominican RepublicEcuadorEgyptEl SalvadorEquatorial GuineaEritreaEstoniaEswatiniEthiopiaFalkland IslandsFaroe IslandsFijiFinlandFranceFrench GuianaFrench PolynesiaFrench Southern TerritoriesGabonGambiaGeorgiaGermanyGhanaGibraltarGreeceGreenlandGrenadaGuadeloupeGuamGuatemalaGuernseyGuineaGuinea-BissauGuyanaHaitiHeard Island and McDonald IslandsHondurasHong KongHungaryIcelandIndiaIndonesiaIranIraqIrelandIsle of ManIsraelItalyIvory CoastJamaicaJapanJerseyJordanKazakhstanKenyaKiribatiKuwaitKyrgyzstanLaosLatviaLebanonLesothoLiberiaLibyaLiechtensteinLithuaniaLuxembourgMacaoMadagascarMalawiMalaysiaMaldivesMaliMaltaMarshall IslandsMartiniqueMauritaniaMauritiusMayotteMexicoMicronesiaMoldovaMonacoMongoliaMontenegroMontserratMoroccoMozambiqueMyanmarNamibiaNauruNepalNetherlandsNew CaledoniaNew ZealandNicaraguaNigerNigeriaNiueNorfolk IslandNorth KoreaNorth MacedoniaNorthern Mariana IslandsNorwayOmanPakistanPalestinian TerritoryPanamaPapua New GuineaParaguayPeruPhilippinesPitcairnPolandPortugalPuerto RicoQatarReunionRomaniaRussiaRwandaS&atilde;o Tom&eacute; and Pr&iacute;ncipeSaint Barth&eacute;lemySaint HelenaSaint Kitts and NevisSaint LuciaSaint Martin (Dutch part)Saint Martin (French part)Saint Pierre and MiquelonSaint Vincent and the GrenadinesSamoaSan MarinoSaudi ArabiaSenegalSerbiaSeychellesSierra LeoneSingaporeSlovakiaSloveniaSolomon IslandsSomaliaSouth AfricaSouth Georgia\/Sandwich IslandsSouth KoreaSouth SudanSpainSri LankaSudanSurinameSvalbard and Jan MayenSwedenSwitzerlandSyriaTaiwanTajikistanTanzaniaThailandTimor-LesteTogoTokelauTongaTrinidad and TobagoTunisiaTurkeyTurkmenistanTurks and Caicos IslandsTuvaluUgandaUkraineUnited Arab EmiratesUnited Kingdom (UK)United States (US)United States (US) Minor Outlying IslandsUruguayUzbekistanVanuatuVaticanVenezuelaVietnamVirgin Islands (British)Virgin Islands (US)Wallis and FutunaWestern SaharaYemenZambiaZimbabweUpdate country \/ region Street address&nbsp;* Town \/ City&nbsp;* State \/ County&nbsp;* Postcode \/ ZIP&nbsp;* Phone number&nbsp;* Mail adress&nbsp;* Additional Information Notes&nbsp;(optional) Reservation details Product Subtotal Business Suite&nbsp; 1 Night(s) Check-in date: 12-02-2025 Check-out date: 13-02-2025 Adults: 1 Child cradle Free for -4 years: no extra beds: 0 Rooms: 1 Type of arragement: simple housing Transfer: Airport-Hotel transfer (60dt) 380.00&nbsp;TND simple housing: 0.00&nbsp;TND Airport-Hotel transfer (60dt): 60.00&nbsp;TND Chambre Standard (Lit King size)&nbsp; 2 Night(s) Check-in date: 07-02-2025 Check-out date: 09-02-2025 Adults: 1 Child cradle Free for -4 years: no extra beds: 0 Rooms: 1 Type d&#8217;arrangement: Logement simple Transfert: A\u00e9roport-H\u00f4tel-A\u00e9roport (100dt) Extra Service: Panier Fruit de saison-35dt 575.00&nbsp;TND Logement simple: 0.00&nbsp;TND A\u00e9roport-H\u00f4tel-A\u00e9roport (100dt): 100.00&nbsp;TND Panier Fruit de saison-35dt: 35.00&nbsp;TND Subtotal 955.00&nbsp;TND Total 955.00&nbsp;TND PAIEMENT \u00c0 L&#8217;ARRIV\u00c9E PAIEMENT \u00c0 L&#8217;ARRIV\u00c9E Since your browser does not support JavaScript, or it is disabled, please ensure you click the Update Totals button before placing your booking. You may be charged more than the amount stated above if you fail to do so. Update totals Your personal data will be used to confirm your reservation and will remain confidential. Place booking GENERAL NOTE: 3 Tunisian dinars will be charged per person each day for Arab Maghreb residents and 12 Tunisian dinars for resident abroad mentioned as tourist tax mandatorily imposed by Tunisian law. Note that for your stays that exceed 15 days, the tax will not be increased, and it is only calculated for the first 15 days of stays.<\/p>\n","protected":false},"author":1,"featured_media":0,"parent":0,"menu_order":0,"comment_status":"closed","ping_status":"closed","template":"","meta":{"_acf_changed":false,"footnotes":""},"class_list":["post-10","page","type-page","status-publish","hentry"],"acf":[],"_links":{"self":[{"href":"https:\/\/businesshoteltunis.com\/en\/wp-json\/wp\/v2\/pages\/10","targetHints":{"allow":["GET"]}}],"collection":[{"href":"https:\/\/businesshoteltunis.com\/en\/wp-json\/wp\/v2\/pages"}],"about":[{"href":"https:\/\/businesshoteltunis.com\/en\/wp-json\/wp\/v2\/types\/page"}],"author":[{"embeddable":true,"href":"https:\/\/businesshoteltunis.com\/en\/wp-json\/wp\/v2\/users\/1"}],"replies":[{"embeddable":true,"href":"https:\/\/businesshoteltunis.com\/en\/wp-json\/wp\/v2\/comments?post=10"}],"version-history":[{"count":132,"href":"https:\/\/businesshoteltunis.com\/en\/wp-json\/wp\/v2\/pages\/10\/revisions"}],"predecessor-version":[{"id":9794,"href":"https:\/\/businesshoteltunis.com\/en\/wp-json\/wp\/v2\/pages\/10\/revisions\/9794"}],"wp:attachment":[{"href":"https:\/\/businesshoteltunis.com\/en\/wp-json\/wp\/v2\/media?parent=10"}],"curies":[{"name":"wp","href":"https:\/\/api.w.org\/{rel}","templated":true}]}}